{"id":886,"date":"2024-06-14T12:18:56","date_gmt":"2024-06-14T11:18:56","guid":{"rendered":"https:\/\/www.volve.be\/jobs-cultuur\/"},"modified":"2026-04-07T10:50:58","modified_gmt":"2026-04-07T09:50:58","slug":"jobs-cultuur","status":"publish","type":"page","link":"https:\/\/www.volve.be\/nl\/jobs-cultuur\/","title":{"rendered":"Jobs &amp; Cultuur"},"content":{"rendered":"\n\n\n<section class=\"b-hero-about \">\n  <div class=\"container b-hero-about__container\">\n    <div class=\"b-hero-about__left\">\n                  <h1 class=\"heading-heading-700 lg:heading-heading-1000 b-hero-about__title\">Ready to <\/br> shake up data consultancy? <\/h1>\n\n                <\/div>\n          <div class=\"b-hero-about__right\">\n        <span class=\"prose sub-heading-400\">Bij Volve zijn we er om dingen op te schudden, \u00e9\u00e9n gegevensgestuurde beslissing per keer. En we zijn hier om de oude manieren van consultancy van ons af te schudden. Dit is niet alleen zichtbaar in de manier waarop we met onze klanten werken, maar ook in de manier waarop we met onze medewerkers omgaan. Our careers and culture reflect this fresh approach\u2014collaborative, bold, and forward-thinking. Als je klaar bent om dingen op een nieuwe manier te doen, dan moet je de boel komen opschudden bij Volve.\n\n<\/span>\n      <\/div>\n      <\/div>\n<\/section>\n\n\n\n<section class=\"b-banner \">\n  <div class=\"container b-banner__container\">\n    <div class=\"b-banner__info\">\n                  <h1 class=\"heading-heading-400 lg:heading-heading-600\">Volve, a revolution in the making <\/h1>\n\n                    <span class=\"prose sub-heading-400\">Ontdek een carri\u00e8re die je aspiraties kracht bijzet. Bezoek onze vacaturepagina en vind jouw plek in ons team, een team dat jouw unieke perspectief en vaardigheden waardeert. <\/span>\n                    <div class=\"b-banner__button\">\n          \n    \n                                                                                \n  \n  \n  \n\n<a class=\"button button--variant-secondary button--color-dark button_is_mobile_full \" href=\"https:\/\/www.volve.be\/nl\/jobs-cultuur\/onze-vacatures\/\" target=\"_self\">\n  \n      <span>Onze vacatures<\/span>\n  \n      \n  <div class=\"icon \"\n    style=\"width: 16px; height: 16px\">\n    <svg width=\"20\" height=\"20\" viewBox=\"0 0 20 20\" fill=\"none\" xmlns=\"http:\/\/www.w3.org\/2000\/svg\">\n    <path d=\"M17.5938 10.8828L11.4062 16.7891C11.0547 17.1055 10.5273 17.1055 10.2109 16.7539C9.89453 16.4023 9.89453 15.875 10.2461 15.5586L14.9219 11.0938H2.96875C2.47656 11.0938 2.125 10.7422 2.125 10.25C2.125 9.79297 2.47656 9.40625 2.96875 9.40625H14.9219L10.2461 4.97656C9.89453 4.66016 9.89453 4.09766 10.2109 3.78125C10.5273 3.42969 11.0898 3.42969 11.4062 3.74609L17.5938 9.65234C17.7695 9.82812 17.875 10.0391 17.875 10.25C17.875 10.4961 17.7695 10.707 17.5938 10.8828Z\" fill=\"black\" fill-opacity=\"0.9\"\/>\n<\/svg>\n\n  <\/div>\n  <\/a>\n        <\/div>\n          <\/div>\n          <div class=\"b-banner__media\">\n                  <div class=\"b-banner__media-image\">\n            <div class=\"b-banner__media-image-container\">\n              \n<picture>\n  \n  \n  \n  \n  \n  <img decoding=\"async\" src=\"https:\/\/www.volve.be\/wp-content\/uploads\/2024\/06\/aa188e79c1020b5af1bcb9a1478e3bba-1200x0-c-default.webp\" alt=\"\"  class=\"\">\n<\/picture>\n            <\/div>\n          <\/div>\n                  <div class=\"b-banner__media-image\">\n            <div class=\"b-banner__media-image-container\">\n              \n<picture>\n  \n  \n  \n  \n  \n  <img decoding=\"async\" src=\"https:\/\/www.volve.be\/wp-content\/uploads\/2024\/07\/Ormit-570-1200x0-c-default.webp\" alt=\"\"  class=\"\">\n<\/picture>\n            <\/div>\n          <\/div>\n                  <div class=\"b-banner__media-image\">\n            <div class=\"b-banner__media-image-container\">\n              \n<picture>\n  \n  \n  \n  \n  \n  <img decoding=\"async\" src=\"https:\/\/www.volve.be\/wp-content\/uploads\/2024\/07\/Ormit-176-1200x0-c-default.webp\" alt=\"\"  class=\"\">\n<\/picture>\n            <\/div>\n          <\/div>\n              <\/div>\n      <\/div>\n<\/section>\n\n\n\n<section class=\"b-text-image b-text-image--bg-white b-text-image--align-left \">\n  <div class=\"container b-text-image__container\">\n    <div class=\"b-text-image__content\">\n      <div class=\"b-text-image__info\">\n                  <h2 class=\"heading-heading-300 lg:heading-heading-400 b-text-image__title\">A one size fits all learning curve? <\/br>Not at Volve.<\/h2>\n                          <span class=\"body-400\">Bij Volve ondersteunen we je groei met een geweldige cocktail van professionele training en coaching om verschillende soft skills te verbeteren. Onze programma&#8217;s zijn op maat gemaakt om je technische expertise te ontwikkelen en tegelijkertijd je zelfbewustzijn, communicatie en leiderschapskwaliteiten te verbeteren. We schudden de regels van strikte hi\u00ebrarchie door elkaar en zeggen tot ziens tegen groei die alleen verticaal is.    <\/span>\n                      <\/div>\n      <div>\n                  <div class=\"b-text-image__image\">\n            \n<picture>\n  \n  \n  \n  \n  \n  <img decoding=\"async\" src=\"https:\/\/www.volve.be\/wp-content\/uploads\/2024\/07\/Jens-amp-Pieter-Rinjani-1200x0-c-default.webp\" alt=\"\"  class=\"\">\n<\/picture>\n          <\/div>\n              <\/div>\n    <\/div>\n  <\/div>\n<\/section>\n\n\n\n<section class=\"b-text-image b-text-image--bg-white b-text-image--align-right \">\n  <div class=\"container b-text-image__container\">\n    <div class=\"b-text-image__content\">\n      <div class=\"b-text-image__info\">\n                  <h2 class=\"heading-heading-300 lg:heading-heading-400 b-text-image__title\">An energy draining workweek? <\/br>Also not at Volve.<\/h2>\n                          <span class=\"body-400\">De aanpak van Volve wapent je met essenti\u00eble interpersoonlijke vaardigheden en bereidt je voor op betekenisvolle veranderingen in projecten. We bieden je een uitgebreide gereedschapskist voor succes, zodat je met empathie leiding kunt geven, effectief kunt samenwerken en doelgericht kunt innoveren. Met Volve ben je niet alleen voorbereid op de uitdagingen die voor je liggen; je bent ook uitgerust om een blijvend verschil te maken.  <\/span>\n                      <\/div>\n      <div>\n                  <div class=\"b-text-image__image\">\n            \n<picture>\n  \n  \n  \n  \n  \n  <img decoding=\"async\" src=\"https:\/\/www.volve.be\/wp-content\/uploads\/2024\/06\/10350248b9a0a04babd4a9af71ca0eef-1200x0-c-default.webp\" alt=\"\"  class=\"\">\n<\/picture>\n          <\/div>\n              <\/div>\n    <\/div>\n  <\/div>\n<\/section>\n\n\n<section  class=\"b-why-work-with-us \">\n  <div class=\"container b-why-work-with-us__container\">\n    <div class=\"b-why-work-with-us__head\">\n      <div class=\"b-why-work-with-us__info\">\n                  <h2 class=\"heading-heading-400 lg:heading-heading-600\">Our values<\/h2>\n                          <span class=\"sub-heading-400\">Volve is verankerd in vier kernwaarden die richting geven aan ons werk en onze samenwerkingsverbanden. Deze principes geven vorm aan onze oplossingen en cultuur.   <\/span>\n              <\/div>\n          <\/div>\n\n    <div>\n      <div class=\"swiper b-why-work-with-us__slider\">\n        <div class=\"swiper-wrapper\">\n                      <div class=\"swiper-slide\">\n              \n\n\n<div class=\"c-service-card c-service-card--color-purple\">\n  <div class=\"c-service-card__info\">\n          <span class=\"heading-heading-300\">Evolving mindset<\/span>\n              <span class=\"sub-heading-500\">We herkennen en jagen groei na wanneer we die zien: bij onze klanten, in ons bedrijf, bij onszelf. <\/span>\n      <\/div>\n      <\/div>\n            <\/div>\n                      <div class=\"swiper-slide\">\n              \n\n\n<div class=\"c-service-card c-service-card--color-green\">\n  <div class=\"c-service-card__info\">\n          <span class=\"heading-heading-300\">Souls first<\/span>\n              <span class=\"sub-heading-500\">Denk gegevens. Spreek menselijk. Voor ons gaat het altijd om mensen v\u00f3\u00f3r gegevens. Gesprekken v\u00f3\u00f3r ratio.   <\/span>\n      <\/div>\n      <\/div>\n            <\/div>\n                      <div class=\"swiper-slide\">\n              \n\n\n<div class=\"c-service-card c-service-card--color-yellow\">\n  <div class=\"c-service-card__info\">\n          <span class=\"heading-heading-300\">Greater together<\/span>\n              <span class=\"sub-heading-500\">Wij geloven dat de som der delen groter is dan individuen. Talent wint wedstrijden, maar teamwork wint kampioenschappen.   <\/span>\n      <\/div>\n      <\/div>\n            <\/div>\n                      <div class=\"swiper-slide\">\n              \n\n\n<div class=\"c-service-card c-service-card--color-pink\">\n  <div class=\"c-service-card__info\">\n          <span class=\"heading-heading-300\">Preach courage<\/span>\n              <span class=\"sub-heading-500\">Een nieuwe manier van adviseren introduceren betekent moedig zijn. Durf samen.   <\/span>\n      <\/div>\n      <\/div>\n            <\/div>\n                  <\/div>\n      <\/div>\n    <\/div>\n\n      <\/div>\n<\/section>\n\n\n<section class=\"b-text-button \">\n  <div class=\"container b-text-button__container\">\n    <div class=\"b-text-button__head\">\n              <h2 class=\"heading-heading-400 lg:heading-heading-600\">Ready to come shake things up at Volve?<\/h2>\n                    <span class=\"prose sub-heading-400\">Als werkgever met gelijke kansen nodigen we je uit om onze vacaturepagina te bekijken en je plaats te vinden in een team dat diversiteit en jouw unieke talenten koestert.<\/span>\n          <\/div>\n        \n        \n    \n                                                                                \n  \n  \n  \n\n<a class=\"button button--variant-primary button--color-dark button_is_mobile_full \" href=\"https:\/\/www.volve.be\/nl\/jobs-cultuur\/onze-vacatures\/\" target=\"_self\">\n  \n      <span>Onze vacatures<\/span>\n  \n      \n  <div class=\"icon \"\n    style=\"width: 16px; height: 16px\">\n    <svg width=\"16\" height=\"15\" viewBox=\"0 0 16 15\" fill=\"none\" xmlns=\"http:\/\/www.w3.org\/2000\/svg\">\n    <path d=\"M15.5938 7.88281L9.40625 13.7891C9.05469 14.1055 8.52734 14.1055 8.21094 13.7539C7.89453 13.4023 7.89453 12.875 8.24609 12.5586L12.9219 8.09375H0.96875C0.476562 8.09375 0.125 7.74219 0.125 7.25C0.125 6.79297 0.476562 6.40625 0.96875 6.40625H12.9219L8.24609 1.97656C7.89453 1.66016 7.89453 1.09766 8.21094 0.78125C8.52734 0.429688 9.08984 0.429688 9.40625 0.746094L15.5938 6.65234C15.7695 6.82812 15.875 7.03906 15.875 7.25C15.875 7.49609 15.7695 7.70703 15.5938 7.88281Z\" fill=\"white\"\/>\n<\/svg>\n\n  <\/div>\n  <\/a>\n        <\/div>\n<\/section>\n","protected":false},"excerpt":{"rendered":"","protected":false},"author":1,"featured_media":0,"parent":0,"menu_order":0,"comment_status":"closed","ping_status":"closed","template":"","meta":{"_acf_changed":false,"footnotes":""},"class_list":["post-886","page","type-page","status-publish","hentry"],"acf":[],"yoast_head":"<!-- This site is optimized with the Yoast SEO Premium plugin v23.3 (Yoast SEO v23.9) - https:\/\/yoast.com\/wordpress\/plugins\/seo\/ -->\n<title>Careers and Culture Join Our Data-Driven Team | Volve<\/title>\n<meta name=\"description\" content=\"Ontdek de carri\u00e8remogelijkheden bij Volve en ontdek onze bedrijfscultuur. Sluit je aan bij een team dat waarde hecht aan innovatie, impact en groei.\" \/>\n<meta name=\"robots\" content=\"index, follow, max-snippet:-1, max-image-preview:large, max-video-preview:-1\" \/>\n<link rel=\"canonical\" href=\"https:\/\/www.volve.be\/nl\/jobs-cultuur\/\" \/>\n<meta property=\"og:locale\" content=\"nl_NL\" \/>\n<meta property=\"og:type\" content=\"article\" \/>\n<meta property=\"og:title\" content=\"Jobs &amp; Cultuur\" \/>\n<meta property=\"og:description\" content=\"Ontdek de carri\u00e8remogelijkheden bij Volve en ontdek onze bedrijfscultuur. Sluit je aan bij een team dat waarde hecht aan innovatie, impact en groei.\" \/>\n<meta property=\"og:url\" content=\"https:\/\/www.volve.be\/nl\/jobs-cultuur\/\" \/>\n<meta property=\"og:site_name\" content=\"Volve\" \/>\n<meta property=\"article:modified_time\" content=\"2026-04-07T09:50:58+00:00\" \/>\n<meta name=\"twitter:card\" content=\"summary_large_image\" \/>\n<script type=\"application\/ld+json\" class=\"yoast-schema-graph\">{\"@context\":\"https:\/\/schema.org\",\"@graph\":[{\"@type\":\"WebPage\",\"@id\":\"https:\/\/www.volve.be\/nl\/jobs-cultuur\/\",\"url\":\"https:\/\/www.volve.be\/nl\/jobs-cultuur\/\",\"name\":\"Careers and Culture Join Our Data-Driven Team | Volve\",\"isPartOf\":{\"@id\":\"https:\/\/www.volve.be\/nl\/#website\"},\"datePublished\":\"2024-06-14T11:18:56+00:00\",\"dateModified\":\"2026-04-07T09:50:58+00:00\",\"description\":\"Ontdek de carri\u00e8remogelijkheden bij Volve en ontdek onze bedrijfscultuur. Sluit je aan bij een team dat waarde hecht aan innovatie, impact en groei.\",\"breadcrumb\":{\"@id\":\"https:\/\/www.volve.be\/nl\/jobs-cultuur\/#breadcrumb\"},\"inLanguage\":\"nl-NL\",\"potentialAction\":[{\"@type\":\"ReadAction\",\"target\":[\"https:\/\/www.volve.be\/nl\/jobs-cultuur\/\"]}]},{\"@type\":\"BreadcrumbList\",\"@id\":\"https:\/\/www.volve.be\/nl\/jobs-cultuur\/#breadcrumb\",\"itemListElement\":[{\"@type\":\"ListItem\",\"position\":1,\"name\":\"Home\",\"item\":\"https:\/\/www.volve.be\/nl\/\"},{\"@type\":\"ListItem\",\"position\":2,\"name\":\"Jobs &amp; Cultuur\"}]},{\"@type\":\"WebSite\",\"@id\":\"https:\/\/www.volve.be\/nl\/#website\",\"url\":\"https:\/\/www.volve.be\/nl\/\",\"name\":\"Volve\",\"description\":\"Complex Data. Super Simple.\",\"publisher\":{\"@id\":\"https:\/\/www.volve.be\/nl\/#organization\"},\"potentialAction\":[{\"@type\":\"SearchAction\",\"target\":{\"@type\":\"EntryPoint\",\"urlTemplate\":\"https:\/\/www.volve.be\/nl\/?s={search_term_string}\"},\"query-input\":{\"@type\":\"PropertyValueSpecification\",\"valueRequired\":true,\"valueName\":\"search_term_string\"}}],\"inLanguage\":\"nl-NL\"},{\"@type\":\"Organization\",\"@id\":\"https:\/\/www.volve.be\/nl\/#organization\",\"name\":\"Volve\",\"url\":\"https:\/\/www.volve.be\/nl\/\",\"logo\":{\"@type\":\"ImageObject\",\"inLanguage\":\"nl-NL\",\"@id\":\"https:\/\/www.volve.be\/nl\/#\/schema\/logo\/image\/\",\"url\":\"https:\/\/www.volve.be\/wp-content\/uploads\/2025\/03\/Flavicon-Volve-1.png\",\"contentUrl\":\"https:\/\/www.volve.be\/wp-content\/uploads\/2025\/03\/Flavicon-Volve-1.png\",\"width\":512,\"height\":512,\"caption\":\"Volve\"},\"image\":{\"@id\":\"https:\/\/www.volve.be\/nl\/#\/schema\/logo\/image\/\"}}]}<\/script>\n<!-- \/ Yoast SEO Premium plugin. -->","yoast_head_json":{"title":"Careers and Culture Join Our Data-Driven Team | Volve","description":"Ontdek de carri\u00e8remogelijkheden bij Volve en ontdek onze bedrijfscultuur. Sluit je aan bij een team dat waarde hecht aan innovatie, impact en groei.","robots":{"index":"index","follow":"follow","max-snippet":"max-snippet:-1","max-image-preview":"max-image-preview:large","max-video-preview":"max-video-preview:-1"},"canonical":"https:\/\/www.volve.be\/nl\/jobs-cultuur\/","og_locale":"nl_NL","og_type":"article","og_title":"Jobs &amp; Cultuur","og_description":"Ontdek de carri\u00e8remogelijkheden bij Volve en ontdek onze bedrijfscultuur. Sluit je aan bij een team dat waarde hecht aan innovatie, impact en groei.","og_url":"https:\/\/www.volve.be\/nl\/jobs-cultuur\/","og_site_name":"Volve","article_modified_time":"2026-04-07T09:50:58+00:00","twitter_card":"summary_large_image","schema":{"@context":"https:\/\/schema.org","@graph":[{"@type":"WebPage","@id":"https:\/\/www.volve.be\/nl\/jobs-cultuur\/","url":"https:\/\/www.volve.be\/nl\/jobs-cultuur\/","name":"Careers and Culture Join Our Data-Driven Team | Volve","isPartOf":{"@id":"https:\/\/www.volve.be\/nl\/#website"},"datePublished":"2024-06-14T11:18:56+00:00","dateModified":"2026-04-07T09:50:58+00:00","description":"Ontdek de carri\u00e8remogelijkheden bij Volve en ontdek onze bedrijfscultuur. Sluit je aan bij een team dat waarde hecht aan innovatie, impact en groei.","breadcrumb":{"@id":"https:\/\/www.volve.be\/nl\/jobs-cultuur\/#breadcrumb"},"inLanguage":"nl-NL","potentialAction":[{"@type":"ReadAction","target":["https:\/\/www.volve.be\/nl\/jobs-cultuur\/"]}]},{"@type":"BreadcrumbList","@id":"https:\/\/www.volve.be\/nl\/jobs-cultuur\/#breadcrumb","itemListElement":[{"@type":"ListItem","position":1,"name":"Home","item":"https:\/\/www.volve.be\/nl\/"},{"@type":"ListItem","position":2,"name":"Jobs &amp; Cultuur"}]},{"@type":"WebSite","@id":"https:\/\/www.volve.be\/nl\/#website","url":"https:\/\/www.volve.be\/nl\/","name":"Volve","description":"Complex Data. Super Simple.","publisher":{"@id":"https:\/\/www.volve.be\/nl\/#organization"},"potentialAction":[{"@type":"SearchAction","target":{"@type":"EntryPoint","urlTemplate":"https:\/\/www.volve.be\/nl\/?s={search_term_string}"},"query-input":{"@type":"PropertyValueSpecification","valueRequired":true,"valueName":"search_term_string"}}],"inLanguage":"nl-NL"},{"@type":"Organization","@id":"https:\/\/www.volve.be\/nl\/#organization","name":"Volve","url":"https:\/\/www.volve.be\/nl\/","logo":{"@type":"ImageObject","inLanguage":"nl-NL","@id":"https:\/\/www.volve.be\/nl\/#\/schema\/logo\/image\/","url":"https:\/\/www.volve.be\/wp-content\/uploads\/2025\/03\/Flavicon-Volve-1.png","contentUrl":"https:\/\/www.volve.be\/wp-content\/uploads\/2025\/03\/Flavicon-Volve-1.png","width":512,"height":512,"caption":"Volve"},"image":{"@id":"https:\/\/www.volve.be\/nl\/#\/schema\/logo\/image\/"}}]}},"_links":{"self":[{"href":"https:\/\/www.volve.be\/nl\/wp-json\/wp\/v2\/pages\/886"}],"collection":[{"href":"https:\/\/www.volve.be\/nl\/wp-json\/wp\/v2\/pages"}],"about":[{"href":"https:\/\/www.volve.be\/nl\/wp-json\/wp\/v2\/types\/page"}],"author":[{"embeddable":true,"href":"https:\/\/www.volve.be\/nl\/wp-json\/wp\/v2\/users\/1"}],"replies":[{"embeddable":true,"href":"https:\/\/www.volve.be\/nl\/wp-json\/wp\/v2\/comments?post=886"}],"version-history":[{"count":6,"href":"https:\/\/www.volve.be\/nl\/wp-json\/wp\/v2\/pages\/886\/revisions"}],"predecessor-version":[{"id":1835,"href":"https:\/\/www.volve.be\/nl\/wp-json\/wp\/v2\/pages\/886\/revisions\/1835"}],"wp:attachment":[{"href":"https:\/\/www.volve.be\/nl\/wp-json\/wp\/v2\/media?parent=886"}],"curies":[{"name":"wp","href":"https:\/\/api.w.org\/{rel}","templated":true}]}}