{"id":996,"date":"2024-06-17T13:53:18","date_gmt":"2024-06-17T12:53:18","guid":{"rendered":"https:\/\/www.volve.be\/blog\/evenements\/"},"modified":"2026-04-07T10:49:19","modified_gmt":"2026-04-07T09:49:19","slug":"evenements","status":"publish","type":"page","link":"https:\/\/www.volve.be\/fr\/blog\/evenements\/","title":{"rendered":"Ev\u00e9nements"},"content":{"rendered":"\n\n\n<section class=\"b-hero-about \">\n  <div class=\"container b-hero-about__container\">\n    <div class=\"b-hero-about__left\">\n                  <h1 class=\"heading-heading-700 lg:heading-heading-1000 b-hero-about__title\">Our<br \/>Magazine<\/h1>\n\n                    \n<picture>\n  \n  \n  \n  \n  \n  <img decoding=\"async\" src=\"https:\/\/www.volve.be\/wp-content\/uploads\/2024\/06\/ForHumans.webp\" alt=\"Illustration of a person lying down and working on a laptop\"  class=\"b-text-image-button__image\">\n<\/picture>\n          <\/div>\n          <div class=\"b-hero-about__right\">\n        <span class=\"prose sub-heading-400\">D\u00e9couvrez nos prochains \u00e9v\u00e9nements pour un regard neuf sur la cr\u00e9ation d&#8217;organisations bas\u00e9es sur les donn\u00e9es. Essayons de suivre les tendances et d&#8217;apprendre les uns des autres ! Rejoignez notre communaut\u00e9 dynamique !<\/span>\n      <\/div>\n      <\/div>\n<\/section>\n\n\n\n\n<section class=\"b-product-filter-bar\">\n  <div class=\"container b-product-filter-bar__container\">\n        <div class=\"b-product-filter-bar__links\">\n              <a href=\"https:\/\/www.volve.be\/fr\/blog\/\" class=\"b-product-filter-bar__link heading-heading-100 \">Tous les types<\/a>\n              <a href=\"https:\/\/www.volve.be\/fr\/blog\/evenements\/\" class=\"b-product-filter-bar__link heading-heading-100 b-product-filter-bar__link--active\">Ev\u00e9nements<\/a>\n              <a href=\"https:\/\/www.volve.be\/fr\/blog\/articles\/\" class=\"b-product-filter-bar__link heading-heading-100 \">Articles<\/a>\n          <\/div>\n              <span class=\"body-400\">1 r\u00e9sultats<\/span>\n      <\/div>\n<\/section>\n\n<section class=\"b-blog-grid \">\n  <div class=\"container b-blog-grid__container\">\n    <div class=\"b-blog-grid__list\">\n              \n<div class=\"c-blog-card\">\n      \n<picture>\n  \n  \n  \n  \n  \n  <img decoding=\"async\" src=\"https:\/\/www.volve.be\/wp-content\/uploads\/2024\/10\/Final-LinkedIn-banner-800x0-c-default.webp\" alt=\"ON DEMAND : L'IA pour les PME - Conseils pratiques pour faire les premiers pas vers le succ\u00e8s avec Microsoft\"  class=\"c-blog-card__image\">\n<\/picture>\n    <div class=\"c-blog-card__content\">\n          <div>\n        \n<div class=\"ui-label\">\n  <span class=\"body-300\">Event<\/span>\n<\/div>\n      <\/div>\n        <div class=\"c-blog-card__title\">\n              <span class=\"sub-heading-600 body-bold\">ON DEMAND : L&#8217;IA pour les PME &#8211; Conseils pratiques pour faire les premiers pas vers le succ\u00e8s avec Microsoft<\/span>\n                    <span class=\"body-200 c-blog-card__date\">29 October 2024<\/span>\n          <\/div>\n              <div>\n        \n    \n                                                                                \n  \n  \n  \n\n<a class=\"button button--variant-secondary button--color-dark button_is_mobile_full \" href=\"https:\/\/www.volve.be\/fr\/blog\/events\/a-la-demande-ai-for-smes-practical-insights-for-taking-the-first-steps-toward-success-with-microsoft-lia-pour-les-pme-conseils-pratiques-pour-faire-les-premiers-pas-vers-le-succes-avec-micros\/\" target=\"_self\">\n  \n      <span>En savoir plus<\/span>\n  \n      \n  <div class=\"icon \"\n    style=\"width: 16px; height: 16px\">\n    <svg width=\"20\" height=\"20\" viewBox=\"0 0 20 20\" fill=\"none\" xmlns=\"http:\/\/www.w3.org\/2000\/svg\">\n    <path d=\"M17.5938 10.8828L11.4062 16.7891C11.0547 17.1055 10.5273 17.1055 10.2109 16.7539C9.89453 16.4023 9.89453 15.875 10.2461 15.5586L14.9219 11.0938H2.96875C2.47656 11.0938 2.125 10.7422 2.125 10.25C2.125 9.79297 2.47656 9.40625 2.96875 9.40625H14.9219L10.2461 4.97656C9.89453 4.66016 9.89453 4.09766 10.2109 3.78125C10.5273 3.42969 11.0898 3.42969 11.4062 3.74609L17.5938 9.65234C17.7695 9.82812 17.875 10.0391 17.875 10.25C17.875 10.4961 17.7695 10.707 17.5938 10.8828Z\" fill=\"black\" fill-opacity=\"0.9\"\/>\n<\/svg>\n\n  <\/div>\n  <\/a>\n      <\/div>\n      <\/div>\n<\/div>\n          <\/div>\n      <\/div>\n<\/section>\n","protected":false},"excerpt":{"rendered":"","protected":false},"author":2,"featured_media":0,"parent":989,"menu_order":0,"comment_status":"closed","ping_status":"closed","template":"","meta":{"_acf_changed":false,"footnotes":""},"class_list":["post-996","page","type-page","status-publish","hentry"],"acf":[],"yoast_head":"<!-- This site is optimized with the Yoast SEO Premium plugin v23.3 (Yoast SEO v23.9) - https:\/\/yoast.com\/wordpress\/plugins\/seo\/ -->\n<title>Connectez-vous gr\u00e2ce aux \u00e9v\u00e9nements de donn\u00e9es | Volve<\/title>\n<meta name=\"description\" content=\"Join us to connect through data events, exchange insights, explore innovative solutions, and stay ahead of industry trends.\" \/>\n<meta name=\"robots\" content=\"index, follow, max-snippet:-1, max-image-preview:large, max-video-preview:-1\" \/>\n<link rel=\"canonical\" href=\"https:\/\/www.volve.be\/fr\/blog\/evenements\/\" \/>\n<meta property=\"og:locale\" content=\"fr_FR\" \/>\n<meta property=\"og:type\" content=\"article\" \/>\n<meta property=\"og:title\" content=\"Ev\u00e9nements\" \/>\n<meta property=\"og:description\" content=\"Join us to connect through data events, exchange insights, explore innovative solutions, and stay ahead of industry trends.\" \/>\n<meta property=\"og:url\" content=\"https:\/\/www.volve.be\/fr\/blog\/evenements\/\" \/>\n<meta property=\"og:site_name\" content=\"Volve\" \/>\n<meta property=\"article:modified_time\" content=\"2026-04-07T09:49:19+00:00\" \/>\n<meta name=\"twitter:card\" content=\"summary_large_image\" \/>\n<script type=\"application\/ld+json\" class=\"yoast-schema-graph\">{\"@context\":\"https:\/\/schema.org\",\"@graph\":[{\"@type\":\"WebPage\",\"@id\":\"https:\/\/www.volve.be\/fr\/blog\/evenements\/\",\"url\":\"https:\/\/www.volve.be\/fr\/blog\/evenements\/\",\"name\":\"Connectez-vous gr\u00e2ce aux \u00e9v\u00e9nements de donn\u00e9es | Volve\",\"isPartOf\":{\"@id\":\"https:\/\/www.volve.be\/fr\/#website\"},\"datePublished\":\"2024-06-17T12:53:18+00:00\",\"dateModified\":\"2026-04-07T09:49:19+00:00\",\"description\":\"Join us to connect through data events, exchange insights, explore innovative solutions, and stay ahead of industry trends.\",\"breadcrumb\":{\"@id\":\"https:\/\/www.volve.be\/fr\/blog\/evenements\/#breadcrumb\"},\"inLanguage\":\"fr-FR\",\"potentialAction\":[{\"@type\":\"ReadAction\",\"target\":[\"https:\/\/www.volve.be\/fr\/blog\/evenements\/\"]}]},{\"@type\":\"BreadcrumbList\",\"@id\":\"https:\/\/www.volve.be\/fr\/blog\/evenements\/#breadcrumb\",\"itemListElement\":[{\"@type\":\"ListItem\",\"position\":1,\"name\":\"Home\",\"item\":\"https:\/\/www.volve.be\/fr\/\"},{\"@type\":\"ListItem\",\"position\":2,\"name\":\"Blog\",\"item\":\"https:\/\/www.volve.be\/fr\/blog\/\"},{\"@type\":\"ListItem\",\"position\":3,\"name\":\"Ev\u00e9nements\"}]},{\"@type\":\"WebSite\",\"@id\":\"https:\/\/www.volve.be\/fr\/#website\",\"url\":\"https:\/\/www.volve.be\/fr\/\",\"name\":\"Volve\",\"description\":\"Complex Data. Super Simple.\",\"publisher\":{\"@id\":\"https:\/\/www.volve.be\/fr\/#organization\"},\"potentialAction\":[{\"@type\":\"SearchAction\",\"target\":{\"@type\":\"EntryPoint\",\"urlTemplate\":\"https:\/\/www.volve.be\/fr\/?s={search_term_string}\"},\"query-input\":{\"@type\":\"PropertyValueSpecification\",\"valueRequired\":true,\"valueName\":\"search_term_string\"}}],\"inLanguage\":\"fr-FR\"},{\"@type\":\"Organization\",\"@id\":\"https:\/\/www.volve.be\/fr\/#organization\",\"name\":\"Volve\",\"url\":\"https:\/\/www.volve.be\/fr\/\",\"logo\":{\"@type\":\"ImageObject\",\"inLanguage\":\"fr-FR\",\"@id\":\"https:\/\/www.volve.be\/fr\/#\/schema\/logo\/image\/\",\"url\":\"https:\/\/www.volve.be\/wp-content\/uploads\/2025\/03\/Flavicon-Volve-1.png\",\"contentUrl\":\"https:\/\/www.volve.be\/wp-content\/uploads\/2025\/03\/Flavicon-Volve-1.png\",\"width\":512,\"height\":512,\"caption\":\"Volve\"},\"image\":{\"@id\":\"https:\/\/www.volve.be\/fr\/#\/schema\/logo\/image\/\"}}]}<\/script>\n<!-- \/ Yoast SEO Premium plugin. -->","yoast_head_json":{"title":"Connectez-vous gr\u00e2ce aux \u00e9v\u00e9nements de donn\u00e9es | Volve","description":"Join us to connect through data events, exchange insights, explore innovative solutions, and stay ahead of industry trends.","robots":{"index":"index","follow":"follow","max-snippet":"max-snippet:-1","max-image-preview":"max-image-preview:large","max-video-preview":"max-video-preview:-1"},"canonical":"https:\/\/www.volve.be\/fr\/blog\/evenements\/","og_locale":"fr_FR","og_type":"article","og_title":"Ev\u00e9nements","og_description":"Join us to connect through data events, exchange insights, explore innovative solutions, and stay ahead of industry trends.","og_url":"https:\/\/www.volve.be\/fr\/blog\/evenements\/","og_site_name":"Volve","article_modified_time":"2026-04-07T09:49:19+00:00","twitter_card":"summary_large_image","schema":{"@context":"https:\/\/schema.org","@graph":[{"@type":"WebPage","@id":"https:\/\/www.volve.be\/fr\/blog\/evenements\/","url":"https:\/\/www.volve.be\/fr\/blog\/evenements\/","name":"Connectez-vous gr\u00e2ce aux \u00e9v\u00e9nements de donn\u00e9es | Volve","isPartOf":{"@id":"https:\/\/www.volve.be\/fr\/#website"},"datePublished":"2024-06-17T12:53:18+00:00","dateModified":"2026-04-07T09:49:19+00:00","description":"Join us to connect through data events, exchange insights, explore innovative solutions, and stay ahead of industry trends.","breadcrumb":{"@id":"https:\/\/www.volve.be\/fr\/blog\/evenements\/#breadcrumb"},"inLanguage":"fr-FR","potentialAction":[{"@type":"ReadAction","target":["https:\/\/www.volve.be\/fr\/blog\/evenements\/"]}]},{"@type":"BreadcrumbList","@id":"https:\/\/www.volve.be\/fr\/blog\/evenements\/#breadcrumb","itemListElement":[{"@type":"ListItem","position":1,"name":"Home","item":"https:\/\/www.volve.be\/fr\/"},{"@type":"ListItem","position":2,"name":"Blog","item":"https:\/\/www.volve.be\/fr\/blog\/"},{"@type":"ListItem","position":3,"name":"Ev\u00e9nements"}]},{"@type":"WebSite","@id":"https:\/\/www.volve.be\/fr\/#website","url":"https:\/\/www.volve.be\/fr\/","name":"Volve","description":"Complex Data. Super Simple.","publisher":{"@id":"https:\/\/www.volve.be\/fr\/#organization"},"potentialAction":[{"@type":"SearchAction","target":{"@type":"EntryPoint","urlTemplate":"https:\/\/www.volve.be\/fr\/?s={search_term_string}"},"query-input":{"@type":"PropertyValueSpecification","valueRequired":true,"valueName":"search_term_string"}}],"inLanguage":"fr-FR"},{"@type":"Organization","@id":"https:\/\/www.volve.be\/fr\/#organization","name":"Volve","url":"https:\/\/www.volve.be\/fr\/","logo":{"@type":"ImageObject","inLanguage":"fr-FR","@id":"https:\/\/www.volve.be\/fr\/#\/schema\/logo\/image\/","url":"https:\/\/www.volve.be\/wp-content\/uploads\/2025\/03\/Flavicon-Volve-1.png","contentUrl":"https:\/\/www.volve.be\/wp-content\/uploads\/2025\/03\/Flavicon-Volve-1.png","width":512,"height":512,"caption":"Volve"},"image":{"@id":"https:\/\/www.volve.be\/fr\/#\/schema\/logo\/image\/"}}]}},"_links":{"self":[{"href":"https:\/\/www.volve.be\/fr\/wp-json\/wp\/v2\/pages\/996"}],"collection":[{"href":"https:\/\/www.volve.be\/fr\/wp-json\/wp\/v2\/pages"}],"about":[{"href":"https:\/\/www.volve.be\/fr\/wp-json\/wp\/v2\/types\/page"}],"author":[{"embeddable":true,"href":"https:\/\/www.volve.be\/fr\/wp-json\/wp\/v2\/users\/2"}],"replies":[{"embeddable":true,"href":"https:\/\/www.volve.be\/fr\/wp-json\/wp\/v2\/comments?post=996"}],"version-history":[{"count":5,"href":"https:\/\/www.volve.be\/fr\/wp-json\/wp\/v2\/pages\/996\/revisions"}],"predecessor-version":[{"id":1833,"href":"https:\/\/www.volve.be\/fr\/wp-json\/wp\/v2\/pages\/996\/revisions\/1833"}],"up":[{"embeddable":true,"href":"https:\/\/www.volve.be\/fr\/wp-json\/wp\/v2\/pages\/989"}],"wp:attachment":[{"href":"https:\/\/www.volve.be\/fr\/wp-json\/wp\/v2\/media?parent=996"}],"curies":[{"name":"wp","href":"https:\/\/api.w.org\/{rel}","templated":true}]}}